{"id":9,"date":"2015-12-21T19:53:41","date_gmt":"2015-12-21T17:53:41","guid":{"rendered":"http:\/\/musikfreunde.dedinghausen.de\/?page_id=9"},"modified":"2019-09-08T16:20:29","modified_gmt":"2019-09-08T14:20:29","slug":"ueber-uns","status":"publish","type":"page","link":"http:\/\/musikfreunde.dedinghausen.de\/?page_id=9","title":{"rendered":"\u00dcber uns"},"content":{"rendered":"<h1 style=\"text-align: center;\">&nbsp;<\/h1>\n<p style=\"text-align: center;\"><img decoding=\"async\" loading=\"lazy\" class=\"alignright wp-image-344\" title=\"Spontan und Ungezwungen im Jahr 1998\" src=\"http:\/\/musikfreunde.dedinghausen.de\/wp-content\/uploads\/2015\/12\/1998.jpg\" alt=\"1998\" width=\"366\" height=\"269\" srcset=\"http:\/\/musikfreunde.dedinghausen.de\/wp-content\/uploads\/2015\/12\/1998.jpg 372w, http:\/\/musikfreunde.dedinghausen.de\/wp-content\/uploads\/2015\/12\/1998-300x220.jpg 300w\" sizes=\"(max-width: 366px) 100vw, 366px\" \/>&nbsp;&nbsp;&nbsp;&nbsp;&nbsp;&nbsp;&nbsp;&nbsp;&nbsp; <img decoding=\"async\" loading=\"lazy\" class=\"alignleft wp-image-345 size-full\" title=\"Spontan und Ungezwungen im Jahr 2000\" src=\"http:\/\/musikfreunde.dedinghausen.de\/wp-content\/uploads\/2015\/12\/2000.jpg\" alt=\"2000\" width=\"300\" height=\"297\" srcset=\"http:\/\/musikfreunde.dedinghausen.de\/wp-content\/uploads\/2015\/12\/2000.jpg 300w, http:\/\/musikfreunde.dedinghausen.de\/wp-content\/uploads\/2015\/12\/2000-150x150.jpg 150w\" sizes=\"(max-width: 300px) 100vw, 300px\" \/><\/p>\n<h3>Die Anf\u00e4nge der Musikfreunde reichen bis in das Jahr 1996 zur\u00fcck , wo sich musikbegeisterte Sch\u00fctzen trafen , um am Festumzug Montag Nachmittags teilzunehmen. Daher &nbsp;existiert immer noch der Name ,,Spontan und Ungezwungen&#8220;. In den Jahren darauf waren sie nun&nbsp;des \u00d6fteren im Sch\u00fctzenumzug zu sehen ! Im August 2006 war es dann endlich so weit . Man beschloss Interessierte an Instrumenten auszubilden. Zehn Interessierte nahmen im September an der ersten \u00dcbungsstunde teil. Die Instrumente wurden von den Anf\u00e4ngern selbst angeschafft. &nbsp;Geleitet wurden die \u00dcbungsstunden bei den Trommlern von Jens Ki\u00dfler und bei den Bl\u00e4sern von Ralf Henkemeier und J\u00fcrgen Vosseb\u00fcrger . Im Oktober 2007 schloss man sich dem Sch\u00fctzenverein Dedinghausen&nbsp;als eigene Abteilung an . Die Zahl der Musiker stieg stetig und es gab auch immer mehr Kinder und Jugendliche die bei uns mitspielen wollten . Die Ausbildung der Jugend \u00fcbernahmen Tanja und Marie &#8211;&nbsp;Christin Henkemeier in Kooperation mit der Musikschule Lippstadt. Nach einigen Jahren guter Zusammenarbeit mit dem Sch\u00fctzenverein , wurden wir am 30.10.2015 ein eigenst\u00e4ndiger Verein . Seit dem 26.01.2016 sind wir ein eingetragener Verein (e.V.)&nbsp;.&nbsp;Zurzeit&nbsp;sind wir eine Schaar von&nbsp;44 aktiven Musikern. Unser Repertoire umfasst M\u00e4rsche , Polkas , Walzer und Stimmungslieder .&nbsp;Interessierte die mit uns musizieren m\u00f6chten, &nbsp;k\u00f6nnen gern bei der Probe vorbei schauen . Diese findet immer Mittwochs ab 20:00 in der Gastst\u00e4tte an der Bahn in Dedinghausen statt .<\/h3>\n<p>&nbsp;<\/p>\n<p>&nbsp;<\/p>\n\n\n<figure class=\"wp-block-image\"><img decoding=\"async\" loading=\"lazy\" width=\"498\" height=\"335\" src=\"http:\/\/musikfreunde.dedinghausen.de\/wp-content\/uploads\/2016\/05\/398vg-musikfreunde.jpg\" alt=\"\" class=\"wp-image-352\" srcset=\"http:\/\/musikfreunde.dedinghausen.de\/wp-content\/uploads\/2016\/05\/398vg-musikfreunde.jpg 498w, http:\/\/musikfreunde.dedinghausen.de\/wp-content\/uploads\/2016\/05\/398vg-musikfreunde-300x202.jpg 300w\" sizes=\"(max-width: 498px) 100vw, 498px\" \/><\/figure>\n\n\n\n<div class=\"wp-block-image\"><figure class=\"alignright\"><img decoding=\"async\" loading=\"lazy\" width=\"550\" height=\"397\" src=\"http:\/\/musikfreunde.dedinghausen.de\/wp-content\/uploads\/2015\/12\/akt02.jpg\" alt=\"\" class=\"wp-image-252\" srcset=\"http:\/\/musikfreunde.dedinghausen.de\/wp-content\/uploads\/2015\/12\/akt02.jpg 550w, http:\/\/musikfreunde.dedinghausen.de\/wp-content\/uploads\/2015\/12\/akt02-300x217.jpg 300w\" sizes=\"(max-width: 550px) 100vw, 550px\" \/><\/figure><\/div>\n\n\n\n<figure class=\"wp-block-image\"><img decoding=\"async\" loading=\"lazy\" width=\"1024\" height=\"683\" src=\"http:\/\/musikfreunde.dedinghausen.de\/wp-content\/uploads\/2019\/08\/58-1354151348165632734_IMG_5261-1024x683.jpg\" alt=\"\" class=\"wp-image-1195\" srcset=\"http:\/\/musikfreunde.dedinghausen.de\/wp-content\/uploads\/2019\/08\/58-1354151348165632734_IMG_5261-1024x683.jpg 1024w, http:\/\/musikfreunde.dedinghausen.de\/wp-content\/uploads\/2019\/08\/58-1354151348165632734_IMG_5261-300x200.jpg 300w, http:\/\/musikfreunde.dedinghausen.de\/wp-content\/uploads\/2019\/08\/58-1354151348165632734_IMG_5261-768x512.jpg 768w\" sizes=\"(max-width: 1024px) 100vw, 1024px\" \/><\/figure>\n","protected":false},"excerpt":{"rendered":"<p>&nbsp; &nbsp;&nbsp;&nbsp;&nbsp;&nbsp;&nbsp;&nbsp;&nbsp;&nbsp; Die Anf\u00e4nge der Musikfreunde reichen bis in das Jahr 1996 zur\u00fcck , wo sich musikbegeisterte Sch\u00fctzen trafen , um am Festumzug Montag Nachmittags teilzunehmen. Daher &nbsp;existiert immer noch der Name ,,Spontan und Ungezwungen&#8220;. In den Jahren darauf waren sie nun&nbsp;des \u00d6fteren im Sch\u00fctzenumzug zu sehen ! Im August 2006 war es dann endlich [&hellip;]<\/p>\n","protected":false},"author":3,"featured_media":0,"parent":0,"menu_order":0,"comment_status":"closed","ping_status":"closed","template":"","meta":{"ngg_post_thumbnail":0},"_links":{"self":[{"href":"http:\/\/musikfreunde.dedinghausen.de\/index.php?rest_route=\/wp\/v2\/pages\/9"}],"collection":[{"href":"http:\/\/musikfreunde.dedinghausen.de\/index.php?rest_route=\/wp\/v2\/pages"}],"about":[{"href":"http:\/\/musikfreunde.dedinghausen.de\/index.php?rest_route=\/wp\/v2\/types\/page"}],"author":[{"embeddable":true,"href":"http:\/\/musikfreunde.dedinghausen.de\/index.php?rest_route=\/wp\/v2\/users\/3"}],"replies":[{"embeddable":true,"href":"http:\/\/musikfreunde.dedinghausen.de\/index.php?rest_route=%2Fwp%2Fv2%2Fcomments&post=9"}],"version-history":[{"count":74,"href":"http:\/\/musikfreunde.dedinghausen.de\/index.php?rest_route=\/wp\/v2\/pages\/9\/revisions"}],"predecessor-version":[{"id":1233,"href":"http:\/\/musikfreunde.dedinghausen.de\/index.php?rest_route=\/wp\/v2\/pages\/9\/revisions\/1233"}],"wp:attachment":[{"href":"http:\/\/musikfreunde.dedinghausen.de\/index.php?rest_route=%2Fwp%2Fv2%2Fmedia&parent=9"}],"curies":[{"name":"wp","href":"https:\/\/api.w.org\/{rel}","templated":true}]}}