{"id":583,"date":"2016-06-28T12:47:50","date_gmt":"2016-06-28T10:47:50","guid":{"rendered":"http:\/\/musikfreunde.dedinghausen.de\/?page_id=583"},"modified":"2016-06-28T13:19:51","modified_gmt":"2016-06-28T11:19:51","slug":"lipperoder-schuetzenfest","status":"publish","type":"page","link":"http:\/\/musikfreunde.dedinghausen.de\/?page_id=583","title":{"rendered":"Lipperoder Sch\u00fctzenfest"},"content":{"rendered":"<h4>Am Sonntag , dem 26.06.2016 waren wir zu unserem Traditionstermin in Lipperode angetreten . Dort wird am Sch\u00fctzenfest Sonntags morgens immer\u00a0ein St\u00e4ndchen f\u00fcr die Bewohner des Josefsheims gespielt . Zahlreiche Lipperoder Sch\u00fctzen begleiteten uns dabei . F\u00fcr die Bewohner des Josefsheims ist unser St\u00e4ndchen jedes Jahr ein Highlight !<\/h4>\n<p style=\"text-align: center;\">\n\n<div class=\"ngg-galleryoverview ngg-slideshow\"\n\t id=\"ngg-slideshow-601-14531140860\"\n     data-gallery-id=\"601\"\n     style=\"max-width: 600px; max-height: 400px;\">\n\n \t<div id=\"ngg-image-0\" class=\"ngg-gallery-slideshow-image\" style=\"height:400px\">\n\n        <a href=\"http:\/\/musikfreunde.dedinghausen.de\/wp-content\/gallery\/Sch%C3%BCtzenfest-Lipperode-\/20160626_104427.jpg\"\n           title=\"\"\n           data-src=\"http:\/\/musikfreunde.dedinghausen.de\/wp-content\/gallery\/Sch%C3%BCtzenfest-Lipperode-\/20160626_104427.jpg\"\n           data-thumbnail=\"http:\/\/musikfreunde.dedinghausen.de\/wp-content\/gallery\/Sch%C3%BCtzenfest-Lipperode-\/thumbs\/thumbs_20160626_104427.jpg\"\n           data-image-id=\"39\"\n           data-title=\"20160626_104427\"\n           data-description=\"\"\n           class=\"ngg-fancybox\" rel=\"601\">\n\n            <img data-image-id='39'\n                 title=\"\"\n                 alt=\"20160626_104427\"\n                 src=\"http:\/\/musikfreunde.dedinghausen.de\/wp-content\/gallery\/Sch%C3%BCtzenfest-Lipperode-\/20160626_104427.jpg\"\n                 style=\"max-height: 380px;\"\/>\n        <\/a>\n\n        <\/div> \n<div id=\"ngg-image-1\" class=\"ngg-gallery-slideshow-image\" style=\"height:400px\">\n\n        <a href=\"http:\/\/musikfreunde.dedinghausen.de\/wp-content\/gallery\/Sch%C3%BCtzenfest-Lipperode-\/20160626_104436.jpg\"\n           title=\"\"\n           data-src=\"http:\/\/musikfreunde.dedinghausen.de\/wp-content\/gallery\/Sch%C3%BCtzenfest-Lipperode-\/20160626_104436.jpg\"\n           data-thumbnail=\"http:\/\/musikfreunde.dedinghausen.de\/wp-content\/gallery\/Sch%C3%BCtzenfest-Lipperode-\/thumbs\/thumbs_20160626_104436.jpg\"\n           data-image-id=\"40\"\n           data-title=\"20160626_104436\"\n           data-description=\"\"\n           class=\"ngg-fancybox\" rel=\"601\">\n\n            <img data-image-id='40'\n                 title=\"\"\n                 alt=\"20160626_104436\"\n                 src=\"http:\/\/musikfreunde.dedinghausen.de\/wp-content\/gallery\/Sch%C3%BCtzenfest-Lipperode-\/20160626_104436.jpg\"\n                 style=\"max-height: 380px;\"\/>\n        <\/a>\n\n        <\/div> \n<div id=\"ngg-image-2\" class=\"ngg-gallery-slideshow-image\" style=\"height:400px\">\n\n        <a href=\"http:\/\/musikfreunde.dedinghausen.de\/wp-content\/gallery\/Sch%C3%BCtzenfest-Lipperode-\/20160626_115214.jpg\"\n           title=\"\"\n           data-src=\"http:\/\/musikfreunde.dedinghausen.de\/wp-content\/gallery\/Sch%C3%BCtzenfest-Lipperode-\/20160626_115214.jpg\"\n           data-thumbnail=\"http:\/\/musikfreunde.dedinghausen.de\/wp-content\/gallery\/Sch%C3%BCtzenfest-Lipperode-\/thumbs\/thumbs_20160626_115214.jpg\"\n           data-image-id=\"41\"\n           data-title=\"20160626_115214\"\n           data-description=\"\"\n           class=\"ngg-fancybox\" rel=\"601\">\n\n            <img data-image-id='41'\n                 title=\"\"\n                 alt=\"20160626_115214\"\n                 src=\"http:\/\/musikfreunde.dedinghausen.de\/wp-content\/gallery\/Sch%C3%BCtzenfest-Lipperode-\/20160626_115214.jpg\"\n                 style=\"max-height: 380px;\"\/>\n        <\/a>\n\n        <\/div> \n<div id=\"ngg-image-3\" class=\"ngg-gallery-slideshow-image\" style=\"height:400px\">\n\n        <a href=\"http:\/\/musikfreunde.dedinghausen.de\/wp-content\/gallery\/Sch%C3%BCtzenfest-Lipperode-\/20160626_115219.jpg\"\n           title=\"\"\n           data-src=\"http:\/\/musikfreunde.dedinghausen.de\/wp-content\/gallery\/Sch%C3%BCtzenfest-Lipperode-\/20160626_115219.jpg\"\n           data-thumbnail=\"http:\/\/musikfreunde.dedinghausen.de\/wp-content\/gallery\/Sch%C3%BCtzenfest-Lipperode-\/thumbs\/thumbs_20160626_115219.jpg\"\n           data-image-id=\"42\"\n           data-title=\"20160626_115219\"\n           data-description=\"\"\n           class=\"ngg-fancybox\" rel=\"601\">\n\n            <img data-image-id='42'\n                 title=\"\"\n                 alt=\"20160626_115219\"\n                 src=\"http:\/\/musikfreunde.dedinghausen.de\/wp-content\/gallery\/Sch%C3%BCtzenfest-Lipperode-\/20160626_115219.jpg\"\n                 style=\"max-height: 380px;\"\/>\n        <\/a>\n\n        <\/div> \n<\/div>\n\n\n\t\t<!-- Thumbnails Link -->\n\t<div class=\"slideshowlink\" style=\"max-width: 600px;\">\n        <a href='http:\/\/musikfreunde.dedinghausen.de\/index.php\/nggallery\/thumbnails?page_id=583'>[Zeige Vorschaubilder]<\/a>\n\t<\/div>\n\n<\/p>\n","protected":false},"excerpt":{"rendered":"<p>Am Sonntag , dem 26.06.2016 waren wir zu unserem Traditionstermin in Lipperode angetreten . Dort wird am Sch\u00fctzenfest Sonntags morgens immer\u00a0ein St\u00e4ndchen f\u00fcr die Bewohner des Josefsheims gespielt . Zahlreiche Lipperoder Sch\u00fctzen begleiteten uns dabei . F\u00fcr die Bewohner des Josefsheims ist unser St\u00e4ndchen jedes Jahr ein Highlight ! [Zeige Vorschaubilder]<\/p>\n","protected":false},"author":3,"featured_media":0,"parent":0,"menu_order":0,"comment_status":"closed","ping_status":"closed","template":"","meta":{"ngg_post_thumbnail":0},"_links":{"self":[{"href":"http:\/\/musikfreunde.dedinghausen.de\/index.php?rest_route=\/wp\/v2\/pages\/583"}],"collection":[{"href":"http:\/\/musikfreunde.dedinghausen.de\/index.php?rest_route=\/wp\/v2\/pages"}],"about":[{"href":"http:\/\/musikfreunde.dedinghausen.de\/index.php?rest_route=\/wp\/v2\/types\/page"}],"author":[{"embeddable":true,"href":"http:\/\/musikfreunde.dedinghausen.de\/index.php?rest_route=\/wp\/v2\/users\/3"}],"replies":[{"embeddable":true,"href":"http:\/\/musikfreunde.dedinghausen.de\/index.php?rest_route=%2Fwp%2Fv2%2Fcomments&post=583"}],"version-history":[{"count":5,"href":"http:\/\/musikfreunde.dedinghausen.de\/index.php?rest_route=\/wp\/v2\/pages\/583\/revisions"}],"predecessor-version":[{"id":602,"href":"http:\/\/musikfreunde.dedinghausen.de\/index.php?rest_route=\/wp\/v2\/pages\/583\/revisions\/602"}],"wp:attachment":[{"href":"http:\/\/musikfreunde.dedinghausen.de\/index.php?rest_route=%2Fwp%2Fv2%2Fmedia&parent=583"}],"curies":[{"name":"wp","href":"https:\/\/api.w.org\/{rel}","templated":true}]}}